{"id":787,"date":"2022-09-23T09:09:07","date_gmt":"2022-09-23T07:09:07","guid":{"rendered":"http:\/\/design.ein-laecheln-fuer-ghana.de\/?page_id=787"},"modified":"2024-01-05T17:44:53","modified_gmt":"2024-01-05T16:44:53","slug":"impressum","status":"publish","type":"page","link":"https:\/\/ein-laecheln-fuer-ghana.de\/en\/impressum","title":{"rendered":"Legal notice"},"content":{"rendered":"<div data-elementor-type=\"wp-page\" data-elementor-id=\"787\" class=\"elementor elementor-787\">\n\t\t\t\t\t\t<section class=\"elementor-section elementor-top-section elementor-element elementor-element-46bcb344 elementor-section-height-min-height elementor-section-boxed elementor-section-height-default elementor-section-items-middle wpr-particle-no wpr-jarallax-no wpr-parallax-no wpr-sticky-section-no\" data-id=\"46bcb344\" data-element_type=\"section\" data-e-type=\"section\" data-settings=\"{&quot;background_background&quot;:&quot;classic&quot;,&quot;shape_divider_bottom&quot;:&quot;waves&quot;}\">\n\t\t\t\t\t<div class=\"elementor-shape elementor-shape-bottom\" aria-hidden=\"true\" data-negative=\"false\">\n\t\t\t<svg xmlns=\"http:\/\/www.w3.org\/2000\/svg\" viewbox=\"0 0 1000 100\" preserveaspectratio=\"none\">\n\t<path class=\"elementor-shape-fill\" d=\"M421.9,6.5c22.6-2.5,51.5,0.4,75.5,5.3c23.6,4.9,70.9,23.5,100.5,35.7c75.8,32.2,133.7,44.5,192.6,49.7\tc23.6,2.1,48.7,3.5,103.4-2.5c54.7-6,106.2-25.6,106.2-25.6V0H0v30.3c0,0,72,32.6,158.4,30.5c39.2-0.7,92.8-6.7,134-22.4\tc21.2-8.1,52.2-18.2,79.7-24.2C399.3,7.9,411.6,7.5,421.9,6.5z\"\/>\n<\/svg>\t\t<\/div>\n\t\t\t\t\t<div class=\"elementor-container elementor-column-gap-default\">\n\t\t\t\t\t<div class=\"elementor-column elementor-col-100 elementor-top-column elementor-element elementor-element-51befbad\" data-id=\"51befbad\" data-element_type=\"column\" data-e-type=\"column\">\n\t\t\t<div class=\"elementor-widget-wrap elementor-element-populated\">\n\t\t\t\t\t\t<div class=\"elementor-element elementor-element-3d498e79 elementor-widget elementor-widget-heading\" data-id=\"3d498e79\" data-element_type=\"widget\" data-e-type=\"widget\" data-widget_type=\"heading.default\">\n\t\t\t\t<div class=\"elementor-widget-container\">\n\t\t\t\t\t<h1 class=\"elementor-heading-title elementor-size-default\">Legal notice<\/h1>\t\t\t\t<\/div>\n\t\t\t\t<\/div>\n\t\t\t\t\t<\/div>\n\t\t<\/div>\n\t\t\t\t\t<\/div>\n\t\t<\/section>\n\t\t\t\t<section class=\"elementor-section elementor-top-section elementor-element elementor-element-5cd46b0 elementor-section-boxed elementor-section-height-default elementor-section-height-default wpr-particle-no wpr-jarallax-no wpr-parallax-no wpr-sticky-section-no\" data-id=\"5cd46b0\" data-element_type=\"section\" data-e-type=\"section\">\n\t\t\t\t\t\t<div class=\"elementor-container elementor-column-gap-default\">\n\t\t\t\t\t<div class=\"elementor-column elementor-col-100 elementor-top-column elementor-element elementor-element-5e283e8\" data-id=\"5e283e8\" data-element_type=\"column\" data-e-type=\"column\">\n\t\t\t<div class=\"elementor-widget-wrap elementor-element-populated\">\n\t\t\t\t\t\t<div class=\"elementor-element elementor-element-1970a16 elementor-widget elementor-widget-spacer\" data-id=\"1970a16\" data-element_type=\"widget\" data-e-type=\"widget\" data-widget_type=\"spacer.default\">\n\t\t\t\t<div class=\"elementor-widget-container\">\n\t\t\t\t\t\t\t<div class=\"elementor-spacer\">\n\t\t\t<div class=\"elementor-spacer-inner\"><\/div>\n\t\t<\/div>\n\t\t\t\t\t\t<\/div>\n\t\t\t\t<\/div>\n\t\t\t\t\t<\/div>\n\t\t<\/div>\n\t\t\t\t\t<\/div>\n\t\t<\/section>\n\t\t\t\t<section class=\"elementor-section elementor-top-section elementor-element elementor-element-08646d5 elementor-section-boxed elementor-section-height-default elementor-section-height-default wpr-particle-no wpr-jarallax-no wpr-parallax-no wpr-sticky-section-no\" data-id=\"08646d5\" data-element_type=\"section\" data-e-type=\"section\">\n\t\t\t\t\t\t<div class=\"elementor-container elementor-column-gap-default\">\n\t\t\t\t\t<div class=\"elementor-column elementor-col-100 elementor-top-column elementor-element elementor-element-3e72a19\" data-id=\"3e72a19\" data-element_type=\"column\" data-e-type=\"column\">\n\t\t\t<div class=\"elementor-widget-wrap elementor-element-populated\">\n\t\t\t\t\t\t<div class=\"elementor-element elementor-element-52a4cff elementor-widget elementor-widget-heading\" data-id=\"52a4cff\" data-element_type=\"widget\" data-e-type=\"widget\" data-widget_type=\"heading.default\">\n\t\t\t\t<div class=\"elementor-widget-container\">\n\t\t\t\t\t<h2 class=\"elementor-heading-title elementor-size-default\">Angaben nach \u00a7 5 Abs.1 Nr. 5 Telemediengesetz (TMG)<\/h2>\t\t\t\t<\/div>\n\t\t\t\t<\/div>\n\t\t\t\t<div class=\"elementor-element elementor-element-d8fe86a elementor-widget elementor-widget-text-editor\" data-id=\"d8fe86a\" data-element_type=\"widget\" data-e-type=\"widget\" data-widget_type=\"text-editor.default\">\n\t\t\t\t<div class=\"elementor-widget-container\">\n\t\t\t\t\t\t\t\t\t<p><strong>A Smile for Ghana e.V.<\/strong><br \/>c\/o Kofi Akoto<br \/>Bruchstr. 29<br \/>45468 M\u00fclheim an der Ruhr<\/p><p>Telefon: +49 208-7405099<br \/>Telefax: +49 208-9951352<\/p><p>E-Mail: info@ein-laecheln-fuer-ghana.de<br \/>Internet: www.ein-laecheln-fuer-ghana.de<\/p><p><strong>Vertretungsberechtigter Vorstand:<\/strong><br \/>Kofi Akoto (1. Vorsitzender), Carmen Janicke (2. Vorsitzende)<br \/>Registergericht: Amtsgericht Duisburg<br \/>Registernummer: VR 5593<\/p>\t\t\t\t\t\t\t\t<\/div>\n\t\t\t\t<\/div>\n\t\t\t\t\t<\/div>\n\t\t<\/div>\n\t\t\t\t\t<\/div>\n\t\t<\/section>\n\t\t\t\t<section class=\"elementor-section elementor-top-section elementor-element elementor-element-e5f4a30 elementor-section-boxed elementor-section-height-default elementor-section-height-default wpr-particle-no wpr-jarallax-no wpr-parallax-no wpr-sticky-section-no\" data-id=\"e5f4a30\" data-element_type=\"section\" data-e-type=\"section\">\n\t\t\t\t\t\t<div class=\"elementor-container elementor-column-gap-default\">\n\t\t\t\t\t<div class=\"elementor-column elementor-col-100 elementor-top-column elementor-element elementor-element-24c28d5\" data-id=\"24c28d5\" data-element_type=\"column\" data-e-type=\"column\">\n\t\t\t<div class=\"elementor-widget-wrap elementor-element-populated\">\n\t\t\t\t\t\t<div class=\"elementor-element elementor-element-9b1a6c0 elementor-widget elementor-widget-heading\" data-id=\"9b1a6c0\" data-element_type=\"widget\" data-e-type=\"widget\" data-widget_type=\"heading.default\">\n\t\t\t\t<div class=\"elementor-widget-container\">\n\t\t\t\t\t<h3 class=\"elementor-heading-title elementor-size-default\">Haftung f\u00fcr Inhalte<\/h3>\t\t\t\t<\/div>\n\t\t\t\t<\/div>\n\t\t\t\t<div class=\"elementor-element elementor-element-a955afb elementor-widget elementor-widget-text-editor\" data-id=\"a955afb\" data-element_type=\"widget\" data-e-type=\"widget\" data-widget_type=\"text-editor.default\">\n\t\t\t\t<div class=\"elementor-widget-container\">\n\t\t\t\t\t\t\t\t\t<p>Als Diensteanbieter sind wir gem\u00e4\u00df \u00a7 7 Abs.1 TMG f\u00fcr eigene Inhalte auf diesen Seiten nach den allgemeinen Gesetzen verantwortlich. Nach \u00a7\u00a7 8 bis 10 TMG sind wir als Diensteanbieter jedoch nicht verpflichtet, \u00fcbermittelte oder gespeicherte fremde Informationen zu \u00fcberwachen oder nach Umst\u00e4nden zu forschen, die auf eine rechtswidrige T\u00e4tigkeit hinweisen.<\/p><p>Verpflichtungen zur Entfernung oder Sperrung der Nutzung von Informationen nach den allgemeinen Gesetzen bleiben hiervon unber\u00fchrt. Eine diesbez\u00fcgliche Haftung ist jedoch erst ab dem Zeitpunkt der Kenntnis einer konkreten Rechtsverletzung m\u00f6glich. Bei Bekanntwerden von entsprechenden Rechtsverletzungen werden wir diese Inhalte umgehend entfernen.<\/p>\t\t\t\t\t\t\t\t<\/div>\n\t\t\t\t<\/div>\n\t\t\t\t\t<\/div>\n\t\t<\/div>\n\t\t\t\t\t<\/div>\n\t\t<\/section>\n\t\t\t\t<section class=\"elementor-section elementor-top-section elementor-element elementor-element-d09e6ae elementor-section-boxed elementor-section-height-default elementor-section-height-default wpr-particle-no wpr-jarallax-no wpr-parallax-no wpr-sticky-section-no\" data-id=\"d09e6ae\" data-element_type=\"section\" data-e-type=\"section\">\n\t\t\t\t\t\t<div class=\"elementor-container elementor-column-gap-default\">\n\t\t\t\t\t<div class=\"elementor-column elementor-col-100 elementor-top-column elementor-element elementor-element-c8f21d5\" data-id=\"c8f21d5\" data-element_type=\"column\" data-e-type=\"column\">\n\t\t\t<div class=\"elementor-widget-wrap elementor-element-populated\">\n\t\t\t\t\t\t<div class=\"elementor-element elementor-element-f5c1f9d elementor-widget elementor-widget-heading\" data-id=\"f5c1f9d\" data-element_type=\"widget\" data-e-type=\"widget\" data-widget_type=\"heading.default\">\n\t\t\t\t<div class=\"elementor-widget-container\">\n\t\t\t\t\t<h3 class=\"elementor-heading-title elementor-size-default\">Haftung f\u00fcr Links<\/h3>\t\t\t\t<\/div>\n\t\t\t\t<\/div>\n\t\t\t\t<div class=\"elementor-element elementor-element-70dbea9 elementor-widget elementor-widget-text-editor\" data-id=\"70dbea9\" data-element_type=\"widget\" data-e-type=\"widget\" data-widget_type=\"text-editor.default\">\n\t\t\t\t<div class=\"elementor-widget-container\">\n\t\t\t\t\t\t\t\t\t<p>Unser Angebot enth\u00e4lt Links zu externen Webseiten Dritter, auf deren Inhalte wir keinen Einfluss haben. Deshalb k\u00f6nnen wir f\u00fcr diese fremden Inhalte auch keine Gew\u00e4hr \u00fcbernehmen. F\u00fcr die Inhalte der verlinkten Seiten ist stets der jeweilige Anbieter oder Betreiber der Seiten verantwortlich. Die verlinkten<br \/>Seiten wurden zum Zeitpunkt der Verlinkung auf m\u00f6gliche Rechtsverst\u00f6\u00dfe \u00fcberpr\u00fcft. Rechtswidrige Inhalte waren zum Zeitpunkt der Verlinkung nicht erkennbar.<\/p><p>Eine permanente inhaltliche Kontrolle der verlinkten Seiten ist jedoch ohne konkrete Anhaltspunkte einer Rechtsverletzung nicht zumutbar. Bei Bekanntwerden von Rechtsverletzungen werden wir derartige Links<br \/>umgehend entfernen.<\/p>\t\t\t\t\t\t\t\t<\/div>\n\t\t\t\t<\/div>\n\t\t\t\t\t<\/div>\n\t\t<\/div>\n\t\t\t\t\t<\/div>\n\t\t<\/section>\n\t\t\t\t<section class=\"elementor-section elementor-top-section elementor-element elementor-element-be11788 elementor-section-boxed elementor-section-height-default elementor-section-height-default wpr-particle-no wpr-jarallax-no wpr-parallax-no wpr-sticky-section-no\" data-id=\"be11788\" data-element_type=\"section\" data-e-type=\"section\">\n\t\t\t\t\t\t<div class=\"elementor-container elementor-column-gap-default\">\n\t\t\t\t\t<div class=\"elementor-column elementor-col-100 elementor-top-column elementor-element elementor-element-acf2b06\" data-id=\"acf2b06\" data-element_type=\"column\" data-e-type=\"column\">\n\t\t\t<div class=\"elementor-widget-wrap elementor-element-populated\">\n\t\t\t\t\t\t<div class=\"elementor-element elementor-element-1878621 elementor-widget elementor-widget-heading\" data-id=\"1878621\" data-element_type=\"widget\" data-e-type=\"widget\" data-widget_type=\"heading.default\">\n\t\t\t\t<div class=\"elementor-widget-container\">\n\t\t\t\t\t<h3 class=\"elementor-heading-title elementor-size-default\">Urheberrecht<\/h3>\t\t\t\t<\/div>\n\t\t\t\t<\/div>\n\t\t\t\t<div class=\"elementor-element elementor-element-1996575 elementor-widget elementor-widget-text-editor\" data-id=\"1996575\" data-element_type=\"widget\" data-e-type=\"widget\" data-widget_type=\"text-editor.default\">\n\t\t\t\t<div class=\"elementor-widget-container\">\n\t\t\t\t\t\t\t\t\t<p>Die durch die Seitenbetreiber erstellten Inhalte und Werke auf diesen Seiten unterliegen dem deutschen Urheberrecht. Die Vervielf\u00e4ltigung, Bearbeitung, Verbreitung und jede Art der Verwertung au\u00dferhalb der Grenzen des Urheberrechtes bed\u00fcrfen der schriftlichen Zustimmung des jeweiligen Autors bzw. Erstellers. Downloads und Kopien dieser Seite sind nur f\u00fcr den privaten, nicht kommerziellen Gebrauch gestattet.<\/p><p>Soweit die Inhalte auf dieser Seite nicht vom Betreiber erstellt wurden, werden die Urheberrechte Dritter beachtet. Insbesondere werden Inhalte Dritter als solche gekennzeichnet. Sollten Sie trotzdem auf eine Urheberrechtsverletzung aufmerksam werden, bitten wir um einen entsprechenden Hinweis. Bei Bekanntwerden von Rechtsverletzungen werden wir derartige Inhalte umgehend entfernen.<\/p>\t\t\t\t\t\t\t\t<\/div>\n\t\t\t\t<\/div>\n\t\t\t\t\t<\/div>\n\t\t<\/div>\n\t\t\t\t\t<\/div>\n\t\t<\/section>\n\t\t\t\t<section class=\"elementor-section elementor-top-section elementor-element elementor-element-c26dd5d elementor-section-boxed elementor-section-height-default elementor-section-height-default wpr-particle-no wpr-jarallax-no wpr-parallax-no wpr-sticky-section-no\" data-id=\"c26dd5d\" data-element_type=\"section\" data-e-type=\"section\">\n\t\t\t\t\t\t<div class=\"elementor-container elementor-column-gap-default\">\n\t\t\t\t\t<div class=\"elementor-column elementor-col-100 elementor-top-column elementor-element elementor-element-4f27c8f\" data-id=\"4f27c8f\" data-element_type=\"column\" data-e-type=\"column\">\n\t\t\t<div class=\"elementor-widget-wrap elementor-element-populated\">\n\t\t\t\t\t\t<div class=\"elementor-element elementor-element-bc5f2a0 elementor-widget elementor-widget-spacer\" data-id=\"bc5f2a0\" data-element_type=\"widget\" data-e-type=\"widget\" data-widget_type=\"spacer.default\">\n\t\t\t\t<div class=\"elementor-widget-container\">\n\t\t\t\t\t\t\t<div class=\"elementor-spacer\">\n\t\t\t<div class=\"elementor-spacer-inner\"><\/div>\n\t\t<\/div>\n\t\t\t\t\t\t<\/div>\n\t\t\t\t<\/div>\n\t\t\t\t\t<\/div>\n\t\t<\/div>\n\t\t\t\t\t<\/div>\n\t\t<\/section>\n\t\t\t\t<\/div>","protected":false},"excerpt":{"rendered":"<p>Impressum Angaben nach \u00a7 5 Abs.1 Nr. 5 Telemediengesetz (TMG) Ein L\u00e4cheln f\u00fcr Ghana e.V.c\/o Kofi AkotoBruchstr. 2945468 M\u00fclheim an der Ruhr Telefon: +49 208-7405099Telefax: +49 208-9951352 E-Mail: info@ein-laecheln-fuer-ghana.deInternet: www.ein-laecheln-fuer-ghana.de Vertretungsberechtigter Vorstand:Kofi Akoto (1. Vorsitzender), Carmen Janicke (2. Vorsitzende)Registergericht: Amtsgericht DuisburgRegisternummer: VR 5593 Haftung f\u00fcr Inhalte Als Diensteanbieter sind wir gem\u00e4\u00df \u00a7 7 Abs.1 TMG f\u00fcr eigene Inhalte auf diesen Seiten nach den allgemeinen Gesetzen verantwortlich. Nach \u00a7\u00a7 8 bis 10 TMG sind wir als Diensteanbieter jedoch nicht verpflichtet, \u00fcbermittelte oder gespeicherte fremde Informationen zu \u00fcberwachen oder nach Umst\u00e4nden zu forschen, die auf eine rechtswidrige T\u00e4tigkeit hinweisen. Verpflichtungen zur Entfernung oder Sperrung der Nutzung von Informationen nach den allgemeinen Gesetzen bleiben hiervon unber\u00fchrt. Eine diesbez\u00fcgliche Haftung ist jedoch erst ab dem Zeitpunkt der Kenntnis einer konkreten Rechtsverletzung m\u00f6glich. Bei Bekanntwerden von entsprechenden Rechtsverletzungen werden wir diese Inhalte umgehend entfernen. Haftung f\u00fcr Links Unser Angebot enth\u00e4lt Links zu externen Webseiten Dritter, auf deren Inhalte wir keinen Einfluss haben. Deshalb k\u00f6nnen wir f\u00fcr diese fremden Inhalte auch keine Gew\u00e4hr \u00fcbernehmen. F\u00fcr die Inhalte der verlinkten Seiten ist stets der jeweilige Anbieter oder Betreiber der Seiten verantwortlich. Die verlinktenSeiten wurden zum Zeitpunkt der Verlinkung auf m\u00f6gliche Rechtsverst\u00f6\u00dfe \u00fcberpr\u00fcft. Rechtswidrige Inhalte waren zum Zeitpunkt der Verlinkung nicht erkennbar. Eine permanente inhaltliche Kontrolle der verlinkten Seiten ist jedoch ohne konkrete Anhaltspunkte einer Rechtsverletzung nicht zumutbar. Bei Bekanntwerden von Rechtsverletzungen werden wir derartige Linksumgehend entfernen. Urheberrecht Die durch die Seitenbetreiber erstellten Inhalte und Werke auf diesen Seiten unterliegen dem deutschen Urheberrecht. Die Vervielf\u00e4ltigung, Bearbeitung, Verbreitung und jede Art der Verwertung au\u00dferhalb der Grenzen des Urheberrechtes bed\u00fcrfen der schriftlichen Zustimmung des jeweiligen Autors bzw. Erstellers. Downloads und Kopien dieser Seite sind nur f\u00fcr den privaten, nicht kommerziellen Gebrauch gestattet. Soweit die Inhalte auf dieser Seite nicht vom Betreiber erstellt wurden, werden die Urheberrechte Dritter beachtet. Insbesondere werden Inhalte Dritter als solche gekennzeichnet. Sollten Sie trotzdem auf eine Urheberrechtsverletzung aufmerksam werden, bitten wir um einen entsprechenden Hinweis. Bei Bekanntwerden von Rechtsverletzungen werden wir derartige Inhalte umgehend entfernen.<\/p>","protected":false},"author":1,"featured_media":0,"parent":0,"menu_order":0,"comment_status":"closed","ping_status":"closed","template":"elementor_canvas","meta":{"footnotes":""},"class_list":["post-787","page","type-page","status-publish","hentry"],"yoast_head":"<!-- This site is optimized with the Yoast SEO plugin v27.2 - https:\/\/yoast.com\/product\/yoast-seo-wordpress\/ -->\n<title>Impressum - Ein L\u00e4cheln f\u00fcr Ghana<\/title>\n<meta name=\"description\" content=\"Impressum: Angaben nach \u00a7 5 Abs.1 Nr. 5 Telemediengesetz (TMG) - Ein L\u00e4cheln f\u00fcr Ghana e.V. - Bruchstr. 29 - 45468 M\u00fclheim an der Ruhr\" \/>\n<meta name=\"robots\" content=\"index, follow, max-snippet:-1, max-image-preview:large, max-video-preview:-1\" \/>\n<link rel=\"canonical\" href=\"https:\/\/ein-laecheln-fuer-ghana.de\/en\/impressum\/\" \/>\n<meta property=\"og:locale\" content=\"en_GB\" \/>\n<meta property=\"og:type\" content=\"article\" \/>\n<meta property=\"og:title\" content=\"Impressum - Ein L\u00e4cheln f\u00fcr Ghana\" \/>\n<meta property=\"og:description\" content=\"Impressum: Angaben nach \u00a7 5 Abs.1 Nr. 5 Telemediengesetz (TMG) - Ein L\u00e4cheln f\u00fcr Ghana e.V. - Bruchstr. 29 - 45468 M\u00fclheim an der Ruhr\" \/>\n<meta property=\"og:url\" content=\"https:\/\/ein-laecheln-fuer-ghana.de\/en\/impressum\/\" \/>\n<meta property=\"og:site_name\" content=\"Ein L\u00e4cheln f\u00fcr Ghana\" \/>\n<meta property=\"article:modified_time\" content=\"2024-01-05T16:44:53+00:00\" \/>\n<meta name=\"twitter:card\" content=\"summary_large_image\" \/>\n<meta name=\"twitter:label1\" content=\"Estimated reading time\" \/>\n\t<meta name=\"twitter:data1\" content=\"2 minutes\" \/>\n<script type=\"application\/ld+json\" class=\"yoast-schema-graph\">{\"@context\":\"https:\/\/schema.org\",\"@graph\":[{\"@type\":\"WebPage\",\"@id\":\"https:\/\/ein-laecheln-fuer-ghana.de\/impressum\",\"url\":\"https:\/\/ein-laecheln-fuer-ghana.de\/impressum\",\"name\":\"Impressum - Ein L\u00e4cheln f\u00fcr Ghana\",\"isPartOf\":{\"@id\":\"https:\/\/ein-laecheln-fuer-ghana.de\/#website\"},\"datePublished\":\"2022-09-23T07:09:07+00:00\",\"dateModified\":\"2024-01-05T16:44:53+00:00\",\"description\":\"Impressum: Angaben nach \u00a7 5 Abs.1 Nr. 5 Telemediengesetz (TMG) - Ein L\u00e4cheln f\u00fcr Ghana e.V. - Bruchstr. 29 - 45468 M\u00fclheim an der Ruhr\",\"breadcrumb\":{\"@id\":\"https:\/\/ein-laecheln-fuer-ghana.de\/impressum#breadcrumb\"},\"inLanguage\":\"en-GB\",\"potentialAction\":[{\"@type\":\"ReadAction\",\"target\":[\"https:\/\/ein-laecheln-fuer-ghana.de\/impressum\"]}]},{\"@type\":\"BreadcrumbList\",\"@id\":\"https:\/\/ein-laecheln-fuer-ghana.de\/impressum#breadcrumb\",\"itemListElement\":[{\"@type\":\"ListItem\",\"position\":1,\"name\":\"Startseite\",\"item\":\"https:\/\/ein-laecheln-fuer-ghana.de\/\"},{\"@type\":\"ListItem\",\"position\":2,\"name\":\"Impressum\"}]},{\"@type\":\"WebSite\",\"@id\":\"https:\/\/ein-laecheln-fuer-ghana.de\/#website\",\"url\":\"https:\/\/ein-laecheln-fuer-ghana.de\/\",\"name\":\"Ein L\u00e4cheln f\u00fcr Ghana\",\"description\":\"Unser Verein zur Unterst\u00fctzung von Kindern in Ghana\",\"publisher\":{\"@id\":\"https:\/\/ein-laecheln-fuer-ghana.de\/#organization\"},\"potentialAction\":[{\"@type\":\"SearchAction\",\"target\":{\"@type\":\"EntryPoint\",\"urlTemplate\":\"https:\/\/ein-laecheln-fuer-ghana.de\/?s={search_term_string}\"},\"query-input\":{\"@type\":\"PropertyValueSpecification\",\"valueRequired\":true,\"valueName\":\"search_term_string\"}}],\"inLanguage\":\"en-GB\"},{\"@type\":\"Organization\",\"@id\":\"https:\/\/ein-laecheln-fuer-ghana.de\/#organization\",\"name\":\"Ein L\u00e4cheln f\u00fcr Ghana\",\"url\":\"https:\/\/ein-laecheln-fuer-ghana.de\/\",\"logo\":{\"@type\":\"ImageObject\",\"inLanguage\":\"en-GB\",\"@id\":\"https:\/\/ein-laecheln-fuer-ghana.de\/#\/schema\/logo\/image\/\",\"url\":\"https:\/\/ein-laecheln-fuer-ghana.de\/wp-content\/uploads\/2022\/05\/cropped-Logo-ein-Laecheln-fuer-Ghana-4.jpg\",\"contentUrl\":\"https:\/\/ein-laecheln-fuer-ghana.de\/wp-content\/uploads\/2022\/05\/cropped-Logo-ein-Laecheln-fuer-Ghana-4.jpg\",\"width\":620,\"height\":450,\"caption\":\"Ein L\u00e4cheln f\u00fcr Ghana\"},\"image\":{\"@id\":\"https:\/\/ein-laecheln-fuer-ghana.de\/#\/schema\/logo\/image\/\"}}]}<\/script>\n<!-- \/ Yoast SEO plugin. -->","yoast_head_json":{"title":"Impressum - Ein L\u00e4cheln f\u00fcr Ghana","description":"Impressum: Angaben nach \u00a7 5 Abs.1 Nr. 5 Telemediengesetz (TMG) - Ein L\u00e4cheln f\u00fcr Ghana e.V. - Bruchstr. 29 - 45468 M\u00fclheim an der Ruhr","robots":{"index":"index","follow":"follow","max-snippet":"max-snippet:-1","max-image-preview":"max-image-preview:large","max-video-preview":"max-video-preview:-1"},"canonical":"https:\/\/ein-laecheln-fuer-ghana.de\/en\/impressum\/","og_locale":"en_GB","og_type":"article","og_title":"Impressum - Ein L\u00e4cheln f\u00fcr Ghana","og_description":"Impressum: Angaben nach \u00a7 5 Abs.1 Nr. 5 Telemediengesetz (TMG) - Ein L\u00e4cheln f\u00fcr Ghana e.V. - Bruchstr. 29 - 45468 M\u00fclheim an der Ruhr","og_url":"https:\/\/ein-laecheln-fuer-ghana.de\/en\/impressum\/","og_site_name":"Ein L\u00e4cheln f\u00fcr Ghana","article_modified_time":"2024-01-05T16:44:53+00:00","twitter_card":"summary_large_image","twitter_misc":{"Estimated reading time":"2 minutes"},"schema":{"@context":"https:\/\/schema.org","@graph":[{"@type":"WebPage","@id":"https:\/\/ein-laecheln-fuer-ghana.de\/impressum","url":"https:\/\/ein-laecheln-fuer-ghana.de\/impressum","name":"Impressum - Ein L\u00e4cheln f\u00fcr Ghana","isPartOf":{"@id":"https:\/\/ein-laecheln-fuer-ghana.de\/#website"},"datePublished":"2022-09-23T07:09:07+00:00","dateModified":"2024-01-05T16:44:53+00:00","description":"Impressum: Angaben nach \u00a7 5 Abs.1 Nr. 5 Telemediengesetz (TMG) - Ein L\u00e4cheln f\u00fcr Ghana e.V. - Bruchstr. 29 - 45468 M\u00fclheim an der Ruhr","breadcrumb":{"@id":"https:\/\/ein-laecheln-fuer-ghana.de\/impressum#breadcrumb"},"inLanguage":"en-GB","potentialAction":[{"@type":"ReadAction","target":["https:\/\/ein-laecheln-fuer-ghana.de\/impressum"]}]},{"@type":"BreadcrumbList","@id":"https:\/\/ein-laecheln-fuer-ghana.de\/impressum#breadcrumb","itemListElement":[{"@type":"ListItem","position":1,"name":"Startseite","item":"https:\/\/ein-laecheln-fuer-ghana.de\/"},{"@type":"ListItem","position":2,"name":"Impressum"}]},{"@type":"WebSite","@id":"https:\/\/ein-laecheln-fuer-ghana.de\/#website","url":"https:\/\/ein-laecheln-fuer-ghana.de\/","name":"Ein L\u00e4cheln f\u00fcr Ghana","description":"Unser Verein zur Unterst\u00fctzung von Kindern in Ghana","publisher":{"@id":"https:\/\/ein-laecheln-fuer-ghana.de\/#organization"},"potentialAction":[{"@type":"SearchAction","target":{"@type":"EntryPoint","urlTemplate":"https:\/\/ein-laecheln-fuer-ghana.de\/?s={search_term_string}"},"query-input":{"@type":"PropertyValueSpecification","valueRequired":true,"valueName":"search_term_string"}}],"inLanguage":"en-GB"},{"@type":"Organization","@id":"https:\/\/ein-laecheln-fuer-ghana.de\/#organization","name":"Ein L\u00e4cheln f\u00fcr Ghana","url":"https:\/\/ein-laecheln-fuer-ghana.de\/","logo":{"@type":"ImageObject","inLanguage":"en-GB","@id":"https:\/\/ein-laecheln-fuer-ghana.de\/#\/schema\/logo\/image\/","url":"https:\/\/ein-laecheln-fuer-ghana.de\/wp-content\/uploads\/2022\/05\/cropped-Logo-ein-Laecheln-fuer-Ghana-4.jpg","contentUrl":"https:\/\/ein-laecheln-fuer-ghana.de\/wp-content\/uploads\/2022\/05\/cropped-Logo-ein-Laecheln-fuer-Ghana-4.jpg","width":620,"height":450,"caption":"Ein L\u00e4cheln f\u00fcr Ghana"},"image":{"@id":"https:\/\/ein-laecheln-fuer-ghana.de\/#\/schema\/logo\/image\/"}}]}},"_links":{"self":[{"href":"https:\/\/ein-laecheln-fuer-ghana.de\/en\/wp-json\/wp\/v2\/pages\/787","targetHints":{"allow":["GET"]}}],"collection":[{"href":"https:\/\/ein-laecheln-fuer-ghana.de\/en\/wp-json\/wp\/v2\/pages"}],"about":[{"href":"https:\/\/ein-laecheln-fuer-ghana.de\/en\/wp-json\/wp\/v2\/types\/page"}],"author":[{"embeddable":true,"href":"https:\/\/ein-laecheln-fuer-ghana.de\/en\/wp-json\/wp\/v2\/users\/1"}],"replies":[{"embeddable":true,"href":"https:\/\/ein-laecheln-fuer-ghana.de\/en\/wp-json\/wp\/v2\/comments?post=787"}],"version-history":[{"count":78,"href":"https:\/\/ein-laecheln-fuer-ghana.de\/en\/wp-json\/wp\/v2\/pages\/787\/revisions"}],"predecessor-version":[{"id":3193,"href":"https:\/\/ein-laecheln-fuer-ghana.de\/en\/wp-json\/wp\/v2\/pages\/787\/revisions\/3193"}],"wp:attachment":[{"href":"https:\/\/ein-laecheln-fuer-ghana.de\/en\/wp-json\/wp\/v2\/media?parent=787"}],"curies":[{"name":"wp","href":"https:\/\/api.w.org\/{rel}","templated":true}]}}