{"id":2625,"date":"2023-12-09T17:28:44","date_gmt":"2023-12-09T16:28:44","guid":{"rendered":"https:\/\/ein-laecheln-fuer-ghana.de\/?page_id=2625"},"modified":"2024-07-09T17:04:22","modified_gmt":"2024-07-09T15:04:22","slug":"galerie","status":"publish","type":"page","link":"https:\/\/ein-laecheln-fuer-ghana.de\/en\/galerie","title":{"rendered":"Gallery"},"content":{"rendered":"<div data-elementor-type=\"wp-page\" data-elementor-id=\"2625\" class=\"elementor elementor-2625\">\n\t\t\t\t\t\t<section class=\"elementor-section elementor-top-section elementor-element elementor-element-efe7c9d elementor-section-height-min-height elementor-section-full_width elementor-section-height-default elementor-section-items-middle wpr-particle-no wpr-jarallax-no wpr-parallax-no wpr-sticky-section-no\" data-id=\"efe7c9d\" data-element_type=\"section\" data-e-type=\"section\" data-settings=\"{&quot;background_background&quot;:&quot;classic&quot;,&quot;shape_divider_bottom&quot;:&quot;waves&quot;}\">\n\t\t\t\t\t<div class=\"elementor-shape elementor-shape-bottom\" aria-hidden=\"true\" data-negative=\"false\">\n\t\t\t<svg xmlns=\"http:\/\/www.w3.org\/2000\/svg\" viewbox=\"0 0 1000 100\" preserveaspectratio=\"none\">\n\t<path class=\"elementor-shape-fill\" d=\"M421.9,6.5c22.6-2.5,51.5,0.4,75.5,5.3c23.6,4.9,70.9,23.5,100.5,35.7c75.8,32.2,133.7,44.5,192.6,49.7\tc23.6,2.1,48.7,3.5,103.4-2.5c54.7-6,106.2-25.6,106.2-25.6V0H0v30.3c0,0,72,32.6,158.4,30.5c39.2-0.7,92.8-6.7,134-22.4\tc21.2-8.1,52.2-18.2,79.7-24.2C399.3,7.9,411.6,7.5,421.9,6.5z\"\/>\n<\/svg>\t\t<\/div>\n\t\t\t\t\t<div class=\"elementor-container elementor-column-gap-wide\">\n\t\t\t\t\t<div class=\"elementor-column elementor-col-100 elementor-top-column elementor-element elementor-element-9b925bf\" data-id=\"9b925bf\" data-element_type=\"column\" data-e-type=\"column\">\n\t\t\t<div class=\"elementor-widget-wrap elementor-element-populated\">\n\t\t\t\t\t\t<div class=\"elementor-element elementor-element-3a181ea elementor-hidden-mobile elementor-widget elementor-widget-spacer\" data-id=\"3a181ea\" data-element_type=\"widget\" data-e-type=\"widget\" data-widget_type=\"spacer.default\">\n\t\t\t\t<div class=\"elementor-widget-container\">\n\t\t\t\t\t\t\t<div class=\"elementor-spacer\">\n\t\t\t<div class=\"elementor-spacer-inner\"><\/div>\n\t\t<\/div>\n\t\t\t\t\t\t<\/div>\n\t\t\t\t<\/div>\n\t\t\t\t<div class=\"elementor-element elementor-element-0dccfac elementor-widget elementor-widget-spacer\" data-id=\"0dccfac\" data-element_type=\"widget\" data-e-type=\"widget\" data-widget_type=\"spacer.default\">\n\t\t\t\t<div class=\"elementor-widget-container\">\n\t\t\t\t\t\t\t<div class=\"elementor-spacer\">\n\t\t\t<div class=\"elementor-spacer-inner\"><\/div>\n\t\t<\/div>\n\t\t\t\t\t\t<\/div>\n\t\t\t\t<\/div>\n\t\t\t\t<div class=\"elementor-element elementor-element-fdd0289 elementor-widget elementor-widget-heading\" data-id=\"fdd0289\" data-element_type=\"widget\" data-e-type=\"widget\" data-widget_type=\"heading.default\">\n\t\t\t\t<div class=\"elementor-widget-container\">\n\t\t\t\t\t<h1 class=\"elementor-heading-title elementor-size-default\">Gallery<\/h1>\t\t\t\t<\/div>\n\t\t\t\t<\/div>\n\t\t\t\t\t<\/div>\n\t\t<\/div>\n\t\t\t\t\t<\/div>\n\t\t<\/section>\n\t\t\t\t<section class=\"elementor-section elementor-top-section elementor-element elementor-element-1568f48 elementor-section-boxed elementor-section-height-default elementor-section-height-default wpr-particle-no wpr-jarallax-no wpr-parallax-no wpr-sticky-section-no\" data-id=\"1568f48\" data-element_type=\"section\" data-e-type=\"section\">\n\t\t\t\t\t\t<div class=\"elementor-container elementor-column-gap-default\">\n\t\t\t\t\t<div class=\"elementor-column elementor-col-100 elementor-top-column elementor-element elementor-element-ee359dc\" data-id=\"ee359dc\" data-element_type=\"column\" data-e-type=\"column\">\n\t\t\t<div class=\"elementor-widget-wrap elementor-element-populated\">\n\t\t\t\t\t\t<div class=\"elementor-element elementor-element-902c570 elementor-widget elementor-widget-heading\" data-id=\"902c570\" data-element_type=\"widget\" data-e-type=\"widget\" data-widget_type=\"heading.default\">\n\t\t\t\t<div class=\"elementor-widget-container\">\n\t\t\t\t\t<h2 class=\"elementor-heading-title elementor-size-default\">Students of the Peace and Love International School<\/h2>\t\t\t\t<\/div>\n\t\t\t\t<\/div>\n\t\t\t\t<div class=\"elementor-element elementor-element-4fe1c05 elementor-widget elementor-widget-text-editor\" data-id=\"4fe1c05\" data-element_type=\"widget\" data-e-type=\"widget\" data-widget_type=\"text-editor.default\">\n\t\t\t\t<div class=\"elementor-widget-container\">\n\t\t\t\t\t\t\t\t\t<p style=\"text-align: center;\">August 2023<\/p>\t\t\t\t\t\t\t\t<\/div>\n\t\t\t\t<\/div>\n\t\t\t\t\t<\/div>\n\t\t<\/div>\n\t\t\t\t\t<\/div>\n\t\t<\/section>\n\t\t\t\t<section class=\"elementor-section elementor-top-section elementor-element elementor-element-c837dbe elementor-section-boxed elementor-section-height-default elementor-section-height-default wpr-particle-no wpr-jarallax-no wpr-parallax-no wpr-sticky-section-no\" data-id=\"c837dbe\" data-element_type=\"section\" data-e-type=\"section\" data-settings=\"{&quot;background_background&quot;:&quot;classic&quot;}\">\n\t\t\t\t\t\t<div class=\"elementor-container elementor-column-gap-default\">\n\t\t\t\t\t<div class=\"elementor-column elementor-col-100 elementor-top-column elementor-element elementor-element-cb4f43d\" data-id=\"cb4f43d\" data-element_type=\"column\" data-e-type=\"column\">\n\t\t\t<div class=\"elementor-widget-wrap elementor-element-populated\">\n\t\t\t\t\t\t<div class=\"elementor-element elementor-element-5422171 elementor-arrows-position-outside elementor-pagination-position-outside elementor-widget elementor-widget-image-carousel\" data-id=\"5422171\" data-element_type=\"widget\" data-e-type=\"widget\" data-settings=\"{&quot;slides_to_show&quot;:&quot;3&quot;,&quot;slides_to_scroll&quot;:&quot;1&quot;,&quot;image_spacing_custom&quot;:{&quot;unit&quot;:&quot;px&quot;,&quot;size&quot;:10,&quot;sizes&quot;:[]},&quot;navigation&quot;:&quot;both&quot;,&quot;autoplay&quot;:&quot;yes&quot;,&quot;pause_on_hover&quot;:&quot;yes&quot;,&quot;pause_on_interaction&quot;:&quot;yes&quot;,&quot;autoplay_speed&quot;:5000,&quot;infinite&quot;:&quot;yes&quot;,&quot;speed&quot;:500,&quot;image_spacing_custom_tablet&quot;:{&quot;unit&quot;:&quot;px&quot;,&quot;size&quot;:&quot;&quot;,&quot;sizes&quot;:[]},&quot;image_spacing_custom_mobile&quot;:{&quot;unit&quot;:&quot;px&quot;,&quot;size&quot;:&quot;&quot;,&quot;sizes&quot;:[]}}\" data-widget_type=\"image-carousel.default\">\n\t\t\t\t<div class=\"elementor-widget-container\">\n\t\t\t\t\t\t\t<div class=\"elementor-image-carousel-wrapper swiper\" role=\"region\" aria-roledescription=\"carousel\" aria-label=\"Image Carousel\" dir=\"ltr\">\n\t\t\t<div class=\"elementor-image-carousel swiper-wrapper\" aria-live=\"off\">\n\t\t\t\t\t\t\t\t<div class=\"swiper-slide\" role=\"group\" aria-roledescription=\"slide\" aria-label=\"1 of 12\" data-no-translation-aria-label=\"\"><figure class=\"swiper-slide-inner\"><img decoding=\"async\" class=\"swiper-slide-image\" src=\"https:\/\/ein-laecheln-fuer-ghana.de\/wp-content\/uploads\/2023\/12\/2023-08-Kumasi-Schueler-1.jpg\" alt=\"2023-08-Kumasi-Sch\u00fcler-1\" \/><\/figure><\/div><div class=\"swiper-slide\" role=\"group\" aria-roledescription=\"slide\" aria-label=\"2 of 12\" data-no-translation-aria-label=\"\"><figure class=\"swiper-slide-inner\"><img decoding=\"async\" class=\"swiper-slide-image\" src=\"https:\/\/ein-laecheln-fuer-ghana.de\/wp-content\/uploads\/2023\/12\/2023-08-Kumasi-Schueler-12.jpg\" alt=\"2023-08-Kumasi-Sch\u00fcler-12\" \/><\/figure><\/div><div class=\"swiper-slide\" role=\"group\" aria-roledescription=\"slide\" aria-label=\"3 of 12\" data-no-translation-aria-label=\"\"><figure class=\"swiper-slide-inner\"><img decoding=\"async\" class=\"swiper-slide-image\" src=\"https:\/\/ein-laecheln-fuer-ghana.de\/wp-content\/uploads\/2023\/12\/2023-08-Kumasi-Schueler-2.jpg\" alt=\"2023-08-Kumasi-Sch\u00fcler-2\" \/><\/figure><\/div><div class=\"swiper-slide\" role=\"group\" aria-roledescription=\"slide\" aria-label=\"4 of 12\" data-no-translation-aria-label=\"\"><figure class=\"swiper-slide-inner\"><img decoding=\"async\" class=\"swiper-slide-image\" src=\"https:\/\/ein-laecheln-fuer-ghana.de\/wp-content\/uploads\/2023\/12\/2023-08-Kumasi-Schueler-11.jpg\" alt=\"2023-08-Kumasi-Sch\u00fcler-11\" \/><\/figure><\/div><div class=\"swiper-slide\" role=\"group\" aria-roledescription=\"slide\" aria-label=\"5 of 12\" data-no-translation-aria-label=\"\"><figure class=\"swiper-slide-inner\"><img decoding=\"async\" class=\"swiper-slide-image\" src=\"https:\/\/ein-laecheln-fuer-ghana.de\/wp-content\/uploads\/2023\/12\/2023-08-Kumasi-Schueler-10.jpg\" alt=\"2023-08-Kumasi-Sch\u00fcler-10\" \/><\/figure><\/div><div class=\"swiper-slide\" role=\"group\" aria-roledescription=\"slide\" aria-label=\"6 of 12\" data-no-translation-aria-label=\"\"><figure class=\"swiper-slide-inner\"><img decoding=\"async\" class=\"swiper-slide-image\" src=\"https:\/\/ein-laecheln-fuer-ghana.de\/wp-content\/uploads\/2023\/12\/2023-08-Kumasi-Schueler-9.jpg\" alt=\"2023-08-Kumasi-Sch\u00fcler-9\" \/><\/figure><\/div><div class=\"swiper-slide\" role=\"group\" aria-roledescription=\"slide\" aria-label=\"7 of 12\" data-no-translation-aria-label=\"\"><figure class=\"swiper-slide-inner\"><img decoding=\"async\" class=\"swiper-slide-image\" src=\"https:\/\/ein-laecheln-fuer-ghana.de\/wp-content\/uploads\/2023\/12\/2023-08-Kumasi-Schueler-8.jpg\" alt=\"2023-08-Kumasi-Sch\u00fcler-8\" \/><\/figure><\/div><div class=\"swiper-slide\" role=\"group\" aria-roledescription=\"slide\" aria-label=\"8 of 12\" data-no-translation-aria-label=\"\"><figure class=\"swiper-slide-inner\"><img decoding=\"async\" class=\"swiper-slide-image\" src=\"https:\/\/ein-laecheln-fuer-ghana.de\/wp-content\/uploads\/2023\/12\/2023-08-Kumasi-Schueler-7.jpg\" alt=\"2023-08-Kumasi-Sch\u00fcler-7\" \/><\/figure><\/div><div class=\"swiper-slide\" role=\"group\" aria-roledescription=\"slide\" aria-label=\"9 of 12\" data-no-translation-aria-label=\"\"><figure class=\"swiper-slide-inner\"><img decoding=\"async\" class=\"swiper-slide-image\" src=\"https:\/\/ein-laecheln-fuer-ghana.de\/wp-content\/uploads\/2023\/12\/2023-08-Kumasi-Schueler-6.jpg\" alt=\"2023-08-Kumasi-Sch\u00fcler-6\" \/><\/figure><\/div><div class=\"swiper-slide\" role=\"group\" aria-roledescription=\"slide\" aria-label=\"10 of 12\" data-no-translation-aria-label=\"\"><figure class=\"swiper-slide-inner\"><img decoding=\"async\" class=\"swiper-slide-image\" src=\"https:\/\/ein-laecheln-fuer-ghana.de\/wp-content\/uploads\/2023\/12\/2023-08-Kumasi-Schueler-5.jpg\" alt=\"2023-08-Kumasi-Sch\u00fcler-5\" \/><\/figure><\/div><div class=\"swiper-slide\" role=\"group\" aria-roledescription=\"slide\" aria-label=\"11 of 12\" data-no-translation-aria-label=\"\"><figure class=\"swiper-slide-inner\"><img decoding=\"async\" class=\"swiper-slide-image\" src=\"https:\/\/ein-laecheln-fuer-ghana.de\/wp-content\/uploads\/2023\/12\/2023-08-Kumasi-Schueler-4.jpg\" alt=\"2023-08-Kumasi-Sch\u00fcler-4\" \/><\/figure><\/div><div class=\"swiper-slide\" role=\"group\" aria-roledescription=\"slide\" aria-label=\"12 of 12\" data-no-translation-aria-label=\"\"><figure class=\"swiper-slide-inner\"><img decoding=\"async\" class=\"swiper-slide-image\" src=\"https:\/\/ein-laecheln-fuer-ghana.de\/wp-content\/uploads\/2023\/12\/2023-08-Kumasi-Schueler-3.jpg\" alt=\"2023-08-Kumasi-Sch\u00fcler-3\" \/><\/figure><\/div>\t\t\t<\/div>\n\t\t\t\t\t\t\t\t\t\t\t\t<div class=\"elementor-swiper-button elementor-swiper-button-prev\" role=\"button\" tabindex=\"0\">\n\t\t\t\t\t\t<i aria-hidden=\"true\" class=\"eicon-chevron-left\"><\/i>\t\t\t\t\t<\/div>\n\t\t\t\t\t<div class=\"elementor-swiper-button elementor-swiper-button-next\" role=\"button\" tabindex=\"0\">\n\t\t\t\t\t\t<i aria-hidden=\"true\" class=\"eicon-chevron-right\"><\/i>\t\t\t\t\t<\/div>\n\t\t\t\t\n\t\t\t\t\t\t\t\t\t<div class=\"swiper-pagination\"><\/div>\n\t\t\t\t\t\t\t\t\t<\/div>\n\t\t\t\t\t\t<\/div>\n\t\t\t\t<\/div>\n\t\t\t\t\t<\/div>\n\t\t<\/div>\n\t\t\t\t\t<\/div>\n\t\t<\/section>\n\t\t\t\t<section class=\"elementor-section elementor-top-section elementor-element elementor-element-60ea4fa8 elementor-section-full_width elementor-section-height-default elementor-section-height-default wpr-particle-no wpr-jarallax-no wpr-parallax-no wpr-sticky-section-no\" data-id=\"60ea4fa8\" data-element_type=\"section\" data-e-type=\"section\" data-settings=\"{&quot;background_background&quot;:&quot;classic&quot;,&quot;shape_divider_top&quot;:&quot;waves&quot;}\">\n\t\t\t\t\t<div class=\"elementor-shape elementor-shape-top\" aria-hidden=\"true\" data-negative=\"false\">\n\t\t\t<svg xmlns=\"http:\/\/www.w3.org\/2000\/svg\" viewbox=\"0 0 1000 100\" preserveaspectratio=\"none\">\n\t<path class=\"elementor-shape-fill\" d=\"M421.9,6.5c22.6-2.5,51.5,0.4,75.5,5.3c23.6,4.9,70.9,23.5,100.5,35.7c75.8,32.2,133.7,44.5,192.6,49.7\tc23.6,2.1,48.7,3.5,103.4-2.5c54.7-6,106.2-25.6,106.2-25.6V0H0v30.3c0,0,72,32.6,158.4,30.5c39.2-0.7,92.8-6.7,134-22.4\tc21.2-8.1,52.2-18.2,79.7-24.2C399.3,7.9,411.6,7.5,421.9,6.5z\"\/>\n<\/svg>\t\t<\/div>\n\t\t\t\t\t<div class=\"elementor-container elementor-column-gap-default\">\n\t\t\t\t\t<div class=\"elementor-column elementor-col-100 elementor-top-column elementor-element elementor-element-48e9d9c9\" data-id=\"48e9d9c9\" data-element_type=\"column\" data-e-type=\"column\">\n\t\t\t<div class=\"elementor-widget-wrap elementor-element-populated\">\n\t\t\t\t\t\t<div class=\"elementor-element elementor-element-16a5ed3 elementor-widget elementor-widget-spacer\" data-id=\"16a5ed3\" data-element_type=\"widget\" data-e-type=\"widget\" data-widget_type=\"spacer.default\">\n\t\t\t\t<div class=\"elementor-widget-container\">\n\t\t\t\t\t\t\t<div class=\"elementor-spacer\">\n\t\t\t<div class=\"elementor-spacer-inner\"><\/div>\n\t\t<\/div>\n\t\t\t\t\t\t<\/div>\n\t\t\t\t<\/div>\n\t\t\t\t\t<\/div>\n\t\t<\/div>\n\t\t\t\t\t<\/div>\n\t\t<\/section>\n\t\t\t\t<\/div>","protected":false},"excerpt":{"rendered":"<p>Galerie Sch\u00fcler:innen der Peace and Love International School August 2023<\/p>","protected":false},"author":1,"featured_media":0,"parent":0,"menu_order":0,"comment_status":"closed","ping_status":"closed","template":"elementor_canvas","meta":{"footnotes":""},"class_list":["post-2625","page","type-page","status-publish","hentry"],"yoast_head":"<!-- This site is optimized with the Yoast SEO plugin v27.2 - https:\/\/yoast.com\/product\/yoast-seo-wordpress\/ -->\n<title>Galerie - Ein L\u00e4cheln f\u00fcr Ghana<\/title>\n<meta name=\"description\" content=\"Galerie: Wir nehmen Dich mit nach Kumasi. Schau einfach mal nach.\" \/>\n<meta name=\"robots\" content=\"index, follow, max-snippet:-1, max-image-preview:large, max-video-preview:-1\" \/>\n<link rel=\"canonical\" href=\"https:\/\/ein-laecheln-fuer-ghana.de\/en\/galerie\/\" \/>\n<meta property=\"og:locale\" content=\"en_GB\" \/>\n<meta property=\"og:type\" content=\"article\" \/>\n<meta property=\"og:title\" content=\"Galerie - Ein L\u00e4cheln f\u00fcr Ghana\" \/>\n<meta property=\"og:description\" content=\"Galerie: Wir nehmen Dich mit nach Kumasi. Schau einfach mal nach.\" \/>\n<meta property=\"og:url\" content=\"https:\/\/ein-laecheln-fuer-ghana.de\/en\/galerie\/\" \/>\n<meta property=\"og:site_name\" content=\"Ein L\u00e4cheln f\u00fcr Ghana\" \/>\n<meta property=\"article:modified_time\" content=\"2024-07-09T15:04:22+00:00\" \/>\n<meta property=\"og:image\" content=\"https:\/\/ein-laecheln-fuer-ghana.de\/wp-content\/uploads\/2023\/12\/2023-08-Kumasi-Schueler-1.jpg\" \/>\n<meta name=\"twitter:card\" content=\"summary_large_image\" \/>\n<meta name=\"twitter:label1\" content=\"Estimated reading time\" \/>\n\t<meta name=\"twitter:data1\" content=\"4 minutes\" \/>\n<script type=\"application\/ld+json\" class=\"yoast-schema-graph\">{\"@context\":\"https:\/\/schema.org\",\"@graph\":[{\"@type\":\"WebPage\",\"@id\":\"https:\/\/ein-laecheln-fuer-ghana.de\/galerie\",\"url\":\"https:\/\/ein-laecheln-fuer-ghana.de\/galerie\",\"name\":\"Galerie - Ein L\u00e4cheln f\u00fcr Ghana\",\"isPartOf\":{\"@id\":\"https:\/\/ein-laecheln-fuer-ghana.de\/#website\"},\"primaryImageOfPage\":{\"@id\":\"https:\/\/ein-laecheln-fuer-ghana.de\/galerie#primaryimage\"},\"image\":{\"@id\":\"https:\/\/ein-laecheln-fuer-ghana.de\/galerie#primaryimage\"},\"thumbnailUrl\":\"https:\/\/ein-laecheln-fuer-ghana.de\/wp-content\/uploads\/2023\/12\/2023-08-Kumasi-Schueler-1.jpg\",\"datePublished\":\"2023-12-09T16:28:44+00:00\",\"dateModified\":\"2024-07-09T15:04:22+00:00\",\"description\":\"Galerie: Wir nehmen Dich mit nach Kumasi. Schau einfach mal nach.\",\"breadcrumb\":{\"@id\":\"https:\/\/ein-laecheln-fuer-ghana.de\/galerie#breadcrumb\"},\"inLanguage\":\"en-GB\",\"potentialAction\":[{\"@type\":\"ReadAction\",\"target\":[\"https:\/\/ein-laecheln-fuer-ghana.de\/galerie\"]}]},{\"@type\":\"ImageObject\",\"inLanguage\":\"en-GB\",\"@id\":\"https:\/\/ein-laecheln-fuer-ghana.de\/galerie#primaryimage\",\"url\":\"https:\/\/ein-laecheln-fuer-ghana.de\/wp-content\/uploads\/2023\/12\/2023-08-Kumasi-Schueler-1.jpg\",\"contentUrl\":\"https:\/\/ein-laecheln-fuer-ghana.de\/wp-content\/uploads\/2023\/12\/2023-08-Kumasi-Schueler-1.jpg\"},{\"@type\":\"BreadcrumbList\",\"@id\":\"https:\/\/ein-laecheln-fuer-ghana.de\/galerie#breadcrumb\",\"itemListElement\":[{\"@type\":\"ListItem\",\"position\":1,\"name\":\"Startseite\",\"item\":\"https:\/\/ein-laecheln-fuer-ghana.de\/\"},{\"@type\":\"ListItem\",\"position\":2,\"name\":\"Galerie\"}]},{\"@type\":\"WebSite\",\"@id\":\"https:\/\/ein-laecheln-fuer-ghana.de\/#website\",\"url\":\"https:\/\/ein-laecheln-fuer-ghana.de\/\",\"name\":\"Ein L\u00e4cheln f\u00fcr Ghana\",\"description\":\"Unser Verein zur Unterst\u00fctzung von Kindern in Ghana\",\"publisher\":{\"@id\":\"https:\/\/ein-laecheln-fuer-ghana.de\/#organization\"},\"potentialAction\":[{\"@type\":\"SearchAction\",\"target\":{\"@type\":\"EntryPoint\",\"urlTemplate\":\"https:\/\/ein-laecheln-fuer-ghana.de\/?s={search_term_string}\"},\"query-input\":{\"@type\":\"PropertyValueSpecification\",\"valueRequired\":true,\"valueName\":\"search_term_string\"}}],\"inLanguage\":\"en-GB\"},{\"@type\":\"Organization\",\"@id\":\"https:\/\/ein-laecheln-fuer-ghana.de\/#organization\",\"name\":\"Ein L\u00e4cheln f\u00fcr Ghana\",\"url\":\"https:\/\/ein-laecheln-fuer-ghana.de\/\",\"logo\":{\"@type\":\"ImageObject\",\"inLanguage\":\"en-GB\",\"@id\":\"https:\/\/ein-laecheln-fuer-ghana.de\/#\/schema\/logo\/image\/\",\"url\":\"https:\/\/ein-laecheln-fuer-ghana.de\/wp-content\/uploads\/2022\/05\/cropped-Logo-ein-Laecheln-fuer-Ghana-4.jpg\",\"contentUrl\":\"https:\/\/ein-laecheln-fuer-ghana.de\/wp-content\/uploads\/2022\/05\/cropped-Logo-ein-Laecheln-fuer-Ghana-4.jpg\",\"width\":620,\"height\":450,\"caption\":\"Ein L\u00e4cheln f\u00fcr Ghana\"},\"image\":{\"@id\":\"https:\/\/ein-laecheln-fuer-ghana.de\/#\/schema\/logo\/image\/\"}}]}<\/script>\n<!-- \/ Yoast SEO plugin. -->","yoast_head_json":{"title":"Galerie - Ein L\u00e4cheln f\u00fcr Ghana","description":"Galerie: Wir nehmen Dich mit nach Kumasi. Schau einfach mal nach.","robots":{"index":"index","follow":"follow","max-snippet":"max-snippet:-1","max-image-preview":"max-image-preview:large","max-video-preview":"max-video-preview:-1"},"canonical":"https:\/\/ein-laecheln-fuer-ghana.de\/en\/galerie\/","og_locale":"en_GB","og_type":"article","og_title":"Galerie - Ein L\u00e4cheln f\u00fcr Ghana","og_description":"Galerie: Wir nehmen Dich mit nach Kumasi. Schau einfach mal nach.","og_url":"https:\/\/ein-laecheln-fuer-ghana.de\/en\/galerie\/","og_site_name":"Ein L\u00e4cheln f\u00fcr Ghana","article_modified_time":"2024-07-09T15:04:22+00:00","og_image":[{"url":"https:\/\/ein-laecheln-fuer-ghana.de\/wp-content\/uploads\/2023\/12\/2023-08-Kumasi-Schueler-1.jpg","type":"","width":"","height":""}],"twitter_card":"summary_large_image","twitter_misc":{"Estimated reading time":"4 minutes"},"schema":{"@context":"https:\/\/schema.org","@graph":[{"@type":"WebPage","@id":"https:\/\/ein-laecheln-fuer-ghana.de\/galerie","url":"https:\/\/ein-laecheln-fuer-ghana.de\/galerie","name":"Galerie - Ein L\u00e4cheln f\u00fcr Ghana","isPartOf":{"@id":"https:\/\/ein-laecheln-fuer-ghana.de\/#website"},"primaryImageOfPage":{"@id":"https:\/\/ein-laecheln-fuer-ghana.de\/galerie#primaryimage"},"image":{"@id":"https:\/\/ein-laecheln-fuer-ghana.de\/galerie#primaryimage"},"thumbnailUrl":"https:\/\/ein-laecheln-fuer-ghana.de\/wp-content\/uploads\/2023\/12\/2023-08-Kumasi-Schueler-1.jpg","datePublished":"2023-12-09T16:28:44+00:00","dateModified":"2024-07-09T15:04:22+00:00","description":"Galerie: Wir nehmen Dich mit nach Kumasi. Schau einfach mal nach.","breadcrumb":{"@id":"https:\/\/ein-laecheln-fuer-ghana.de\/galerie#breadcrumb"},"inLanguage":"en-GB","potentialAction":[{"@type":"ReadAction","target":["https:\/\/ein-laecheln-fuer-ghana.de\/galerie"]}]},{"@type":"ImageObject","inLanguage":"en-GB","@id":"https:\/\/ein-laecheln-fuer-ghana.de\/galerie#primaryimage","url":"https:\/\/ein-laecheln-fuer-ghana.de\/wp-content\/uploads\/2023\/12\/2023-08-Kumasi-Schueler-1.jpg","contentUrl":"https:\/\/ein-laecheln-fuer-ghana.de\/wp-content\/uploads\/2023\/12\/2023-08-Kumasi-Schueler-1.jpg"},{"@type":"BreadcrumbList","@id":"https:\/\/ein-laecheln-fuer-ghana.de\/galerie#breadcrumb","itemListElement":[{"@type":"ListItem","position":1,"name":"Startseite","item":"https:\/\/ein-laecheln-fuer-ghana.de\/"},{"@type":"ListItem","position":2,"name":"Galerie"}]},{"@type":"WebSite","@id":"https:\/\/ein-laecheln-fuer-ghana.de\/#website","url":"https:\/\/ein-laecheln-fuer-ghana.de\/","name":"Ein L\u00e4cheln f\u00fcr Ghana","description":"Unser Verein zur Unterst\u00fctzung von Kindern in Ghana","publisher":{"@id":"https:\/\/ein-laecheln-fuer-ghana.de\/#organization"},"potentialAction":[{"@type":"SearchAction","target":{"@type":"EntryPoint","urlTemplate":"https:\/\/ein-laecheln-fuer-ghana.de\/?s={search_term_string}"},"query-input":{"@type":"PropertyValueSpecification","valueRequired":true,"valueName":"search_term_string"}}],"inLanguage":"en-GB"},{"@type":"Organization","@id":"https:\/\/ein-laecheln-fuer-ghana.de\/#organization","name":"Ein L\u00e4cheln f\u00fcr Ghana","url":"https:\/\/ein-laecheln-fuer-ghana.de\/","logo":{"@type":"ImageObject","inLanguage":"en-GB","@id":"https:\/\/ein-laecheln-fuer-ghana.de\/#\/schema\/logo\/image\/","url":"https:\/\/ein-laecheln-fuer-ghana.de\/wp-content\/uploads\/2022\/05\/cropped-Logo-ein-Laecheln-fuer-Ghana-4.jpg","contentUrl":"https:\/\/ein-laecheln-fuer-ghana.de\/wp-content\/uploads\/2022\/05\/cropped-Logo-ein-Laecheln-fuer-Ghana-4.jpg","width":620,"height":450,"caption":"Ein L\u00e4cheln f\u00fcr Ghana"},"image":{"@id":"https:\/\/ein-laecheln-fuer-ghana.de\/#\/schema\/logo\/image\/"}}]}},"_links":{"self":[{"href":"https:\/\/ein-laecheln-fuer-ghana.de\/en\/wp-json\/wp\/v2\/pages\/2625","targetHints":{"allow":["GET"]}}],"collection":[{"href":"https:\/\/ein-laecheln-fuer-ghana.de\/en\/wp-json\/wp\/v2\/pages"}],"about":[{"href":"https:\/\/ein-laecheln-fuer-ghana.de\/en\/wp-json\/wp\/v2\/types\/page"}],"author":[{"embeddable":true,"href":"https:\/\/ein-laecheln-fuer-ghana.de\/en\/wp-json\/wp\/v2\/users\/1"}],"replies":[{"embeddable":true,"href":"https:\/\/ein-laecheln-fuer-ghana.de\/en\/wp-json\/wp\/v2\/comments?post=2625"}],"version-history":[{"count":115,"href":"https:\/\/ein-laecheln-fuer-ghana.de\/en\/wp-json\/wp\/v2\/pages\/2625\/revisions"}],"predecessor-version":[{"id":3982,"href":"https:\/\/ein-laecheln-fuer-ghana.de\/en\/wp-json\/wp\/v2\/pages\/2625\/revisions\/3982"}],"wp:attachment":[{"href":"https:\/\/ein-laecheln-fuer-ghana.de\/en\/wp-json\/wp\/v2\/media?parent=2625"}],"curies":[{"name":"wp","href":"https:\/\/api.w.org\/{rel}","templated":true}]}}